{"id":199,"date":"2022-09-15T08:42:45","date_gmt":"2022-09-15T06:42:45","guid":{"rendered":"https:\/\/catedraendesa.unizar.es\/catedraweb\/?page_id=199"},"modified":"2022-09-15T10:37:57","modified_gmt":"2022-09-15T08:37:57","slug":"presentacion-objetivos","status":"publish","type":"page","link":"https:\/\/catedraendesa.unizar.es\/catedraweb\/presentacion-objetivos\/","title":{"rendered":"Objetivos"},"content":{"rendered":"<p style=\"text-align: justify;\">La C\u00e1tedra de Endesa de la Universidad de Zaragoza, creada en marzo de 2020, se basa en una dilatada relaci\u00f3n entre Endesa y la Universidad de m\u00e1s de 20 a\u00f1os.<\/p>\n<p style=\"text-align: justify;\">La C\u00e1tedra se enmarca dentro del compromiso de la compa\u00f1\u00eda con la formaci\u00f3n y la investigaci\u00f3n en el \u00e1mbito de la innovaci\u00f3n energ\u00e9tica del sector de distribuci\u00f3n de la energ\u00eda el\u00e9ctrica, que permitan avanzar en el desarrollo de un sistema m\u00e1s seguro, eficiente y sostenible, capaz de afrontar los retos que la transici\u00f3n energ\u00e9tica hacia un mundo electrificado impone.<\/p>\n<p style=\"text-align: justify;\">M\u00e1s concretamente, los objetivos de la C\u00e1tedra son:<\/p>\n<ul>\n<li style=\"text-align: justify;\">Desarrollar la cooperaci\u00f3n entre la Universidad de Zaragoza y ENDESA, favoreciendo la creaci\u00f3n de nuevo conocimiento y promoviendo la difusi\u00f3n de todos los aspectos de inter\u00e9s com\u00fan entre ambas.<\/li>\n<li style=\"text-align: justify;\">Generar investigaci\u00f3n avanzada, que permita la adecuada evoluci\u00f3n e integraci\u00f3n del mundo acad\u00e9mico y empresarial.<\/li>\n<li style=\"text-align: justify;\">Desarrollar una pol\u00edtica de formaci\u00f3n pr\u00e1ctica de los estudiantes universitarios y los profesionales del sector empresarial.<\/li>\n<li style=\"text-align: justify;\">Divulgaci\u00f3n y difusi\u00f3n del conocimiento en diferentes formatos a trav\u00e9s de publicaciones, webs, prensa, redes sociales u otros canales de comunicaci\u00f3n.<\/li>\n<\/ul>\n","protected":false},"excerpt":{"rendered":"<p>La C\u00e1tedra de Endesa de la Universidad de Zaragoza, creada en marzo de 2020, se basa en una dilatada relaci\u00f3n entre Endesa y la Universidad de m\u00e1s de 20 a\u00f1os. La C\u00e1tedra se enmarca dentro del compromiso de la compa\u00f1\u00eda con la formaci\u00f3n y la investigaci\u00f3n en el \u00e1mbito de la innovaci\u00f3n energ\u00e9tica del sector [&hellip;]<\/p>\n","protected":false},"author":1,"featured_media":0,"parent":0,"menu_order":0,"comment_status":"closed","ping_status":"closed","template":"","meta":{"footnotes":""},"class_list":["post-199","page","type-page","status-publish","hentry","post"],"_links":{"self":[{"href":"https:\/\/catedraendesa.unizar.es\/catedraweb\/wp-json\/wp\/v2\/pages\/199","targetHints":{"allow":["GET"]}}],"collection":[{"href":"https:\/\/catedraendesa.unizar.es\/catedraweb\/wp-json\/wp\/v2\/pages"}],"about":[{"href":"https:\/\/catedraendesa.unizar.es\/catedraweb\/wp-json\/wp\/v2\/types\/page"}],"author":[{"embeddable":true,"href":"https:\/\/catedraendesa.unizar.es\/catedraweb\/wp-json\/wp\/v2\/users\/1"}],"replies":[{"embeddable":true,"href":"https:\/\/catedraendesa.unizar.es\/catedraweb\/wp-json\/wp\/v2\/comments?post=199"}],"version-history":[{"count":3,"href":"https:\/\/catedraendesa.unizar.es\/catedraweb\/wp-json\/wp\/v2\/pages\/199\/revisions"}],"predecessor-version":[{"id":255,"href":"https:\/\/catedraendesa.unizar.es\/catedraweb\/wp-json\/wp\/v2\/pages\/199\/revisions\/255"}],"wp:attachment":[{"href":"https:\/\/catedraendesa.unizar.es\/catedraweb\/wp-json\/wp\/v2\/media?parent=199"}],"curies":[{"name":"wp","href":"https:\/\/api.w.org\/{rel}","templated":true}]}}