{"id":371,"date":"2022-09-26T08:50:36","date_gmt":"2022-09-26T06:50:36","guid":{"rendered":"https:\/\/catedraendesa.unizar.es\/catedraweb\/?page_id=371"},"modified":"2022-09-26T08:51:54","modified_gmt":"2022-09-26T06:51:54","slug":"lineas-principales-de-actuacion","status":"publish","type":"page","link":"https:\/\/catedraendesa.unizar.es\/catedraweb\/lineas-principales-de-actuacion\/","title":{"rendered":"L\u00edneas principales de actuaci\u00f3n"},"content":{"rendered":"<p style=\"text-align: justify;\">Con car\u00e1cter gen\u00e9rico, meramente enunciativo y no exhaustivo, la colaboraci\u00f3n se centrar\u00e1 en el desarrollo de las actividades conjuntas siguientes:<\/p>\n<ul>\n<li style=\"text-align: justify;\">Realizaci\u00f3n de seminarios, cursos y jornadas t\u00e9cnicas en el \u00e1mbito de la distribuci\u00f3n de energ\u00eda el\u00e9ctrica, en el marco de los grados y m\u00e1steres universitarios de la Universidad de Zaragoza que tengan relaci\u00f3n con el sector el\u00e9ctrico. En los cursos y seminarios participar\u00e1n personas de reconocido prestigio, adem\u00e1s de personas pertenecientes a ENDESA.<\/li>\n<li style=\"text-align: justify;\">Propuesta y direcci\u00f3n de Proyectos Fin de Grado y Proyectos Fin de M\u00e1ster enfocados a la tem\u00e1tica definida por ENDESA, otorgando las becas o premios que, en su caso, se determinen y que ser\u00edan en lo procedente con cargo a la aportaci\u00f3n de Endesa. Los proyectos podr\u00e1n contar con una codirecci\u00f3n por parte de un profesor del Departamento de Ingenier\u00eda El\u00e9ctrica o cualquier otro Departamento que guarde relaci\u00f3n con el sector el\u00e9ctrico y una persona de ENDESA.<\/li>\n<li style=\"text-align: justify;\">Propuesta y direcci\u00f3n de Tesis Doctorales enfocados a la tem\u00e1tica definida por ENDESA. Las Tesis podr\u00e1n contar con presupuesto para financiar al estudiante y la participaci\u00f3n en congresos cient\u00edficos, que ser\u00edan en lo procedente con cargo a la aportaci\u00f3n de Endesa.<\/li>\n<li style=\"text-align: justify;\">Promoci\u00f3n de la vocaci\u00f3n hac\u00eda la Ingenier\u00eda El\u00e9ctrica o cualquier otra formaci\u00f3n del sector el\u00e9ctrico (medioambiental, sostenibilidad, etc.), mediante charlas en colegios e institutos impartidas por el Departamento de Ingenier\u00eda El\u00e9ctrica o cualquier otro Departamento que guarde relaci\u00f3n con el sector el\u00e9ctrico y con personal de Endesa. Tambi\u00e9n se participar\u00e1 en la Semana de Ingenier\u00eda y Arquitectura organizada por la Escuela de Ingenier\u00eda y Arquitectura de la Universidad de Zaragoza o en cualquier otro formato similar a dicha Semana.<\/li>\n<li style=\"text-align: justify;\">Apoyo e incentivaci\u00f3n de proyectos de investigaci\u00f3n en las l\u00edneas tem\u00e1ticas del \u00e1mbito de actuaci\u00f3n de Endesa.<\/li>\n<\/ul>\n","protected":false},"excerpt":{"rendered":"<p>Con car\u00e1cter gen\u00e9rico, meramente enunciativo y no exhaustivo, la colaboraci\u00f3n se centrar\u00e1 en el desarrollo de las actividades conjuntas siguientes: Realizaci\u00f3n de seminarios, cursos y jornadas t\u00e9cnicas en el \u00e1mbito de la distribuci\u00f3n de energ\u00eda el\u00e9ctrica, en el marco de los grados y m\u00e1steres universitarios de la Universidad de Zaragoza que tengan relaci\u00f3n con el [&hellip;]<\/p>\n","protected":false},"author":1,"featured_media":0,"parent":0,"menu_order":0,"comment_status":"closed","ping_status":"closed","template":"","meta":{"footnotes":""},"class_list":["post-371","page","type-page","status-publish","hentry","post"],"_links":{"self":[{"href":"https:\/\/catedraendesa.unizar.es\/catedraweb\/wp-json\/wp\/v2\/pages\/371","targetHints":{"allow":["GET"]}}],"collection":[{"href":"https:\/\/catedraendesa.unizar.es\/catedraweb\/wp-json\/wp\/v2\/pages"}],"about":[{"href":"https:\/\/catedraendesa.unizar.es\/catedraweb\/wp-json\/wp\/v2\/types\/page"}],"author":[{"embeddable":true,"href":"https:\/\/catedraendesa.unizar.es\/catedraweb\/wp-json\/wp\/v2\/users\/1"}],"replies":[{"embeddable":true,"href":"https:\/\/catedraendesa.unizar.es\/catedraweb\/wp-json\/wp\/v2\/comments?post=371"}],"version-history":[{"count":4,"href":"https:\/\/catedraendesa.unizar.es\/catedraweb\/wp-json\/wp\/v2\/pages\/371\/revisions"}],"predecessor-version":[{"id":675,"href":"https:\/\/catedraendesa.unizar.es\/catedraweb\/wp-json\/wp\/v2\/pages\/371\/revisions\/675"}],"wp:attachment":[{"href":"https:\/\/catedraendesa.unizar.es\/catedraweb\/wp-json\/wp\/v2\/media?parent=371"}],"curies":[{"name":"wp","href":"https:\/\/api.w.org\/{rel}","templated":true}]}}