{"id":379,"date":"2022-09-26T09:26:06","date_gmt":"2022-09-26T07:26:06","guid":{"rendered":"https:\/\/catedraendesa.unizar.es\/catedraweb\/?page_id=379"},"modified":"2023-07-05T09:26:35","modified_gmt":"2023-07-05T07:26:35","slug":"proyectos-y-trabajos-de-investigacion","status":"publish","type":"page","link":"https:\/\/catedraendesa.unizar.es\/catedraweb\/proyectos-y-trabajos-de-investigacion\/","title":{"rendered":"Proyectos y trabajos de investigaci\u00f3n"},"content":{"rendered":"\n<p>Los principales trabajos ya realizados o en marcha al amparo de la C\u00e1tedra son:<\/p>\n\n\n\n<h3 class=\"wp-block-heading\"><strong>1.- An\u00e1lisis de las limitaciones de nuevas cargas en red rural d\u00e9bil<\/strong><\/h3>\n\n\n\n<p>Esta l\u00ednea de trabajo constituye uno de los objetivos m\u00e1s importantes de la C\u00e1tedra. En ella se realiza un an\u00e1lisis de penetraci\u00f3n m\u00e1xima de energ\u00edas renovables y de veh\u00edculos el\u00e9ctricos en una red rural, de inter\u00e9s para ENDESA, as\u00ed como identificar diversas soluciones que permitan un mayor nivel de penetraci\u00f3n, especialmente aquellas relacionadas con el uso de soluciones de almacenamiento. As\u00ed mismo se trabaja en un an\u00e1lisis de las limitaciones de la red el\u00e9ctrica de un pueblo concreto, que por un lado impiden nuevas acometidas y por otro los hacen expuestos a desconexiones, u oscilaciones de tensi\u00f3n. A partir de aqu\u00ed se har\u00e1n propuestas espec\u00edficas para la mejora de la seguridad de suministro, la calidad e incluso la calidad de aumentarlos consumos del pueblo. El punto principal de mejora se basar\u00e1 en la integraci\u00f3n de ER, almacenamiento y gesti\u00f3n de la demanda, convirtiendo la red rural en una microrred controlada.<\/p>\n\n\n\n<p>En esta l\u00ednea se han desarrollado dos TFMs:<\/p>\n\n\n\n<ul class=\"wp-block-list\">\n<li>A\u00f1o 2021: An\u00e1lisis de la integraci\u00f3n de recursos energ\u00e9ticos distribuidos en redes rurales mediante simulaci\u00f3n en PowerFactory<\/li>\n\n\n\n<li>A\u00f1o 2022:Impacto de la integraci\u00f3n del veh\u00edculo el\u00e9ctrico en redes rurales de baja tensi\u00f3n<\/li>\n<\/ul>\n\n\n<div class=\"wp-block-image is-style-default\">\n<figure class=\"aligncenter is-resized\"><img loading=\"lazy\" decoding=\"async\" src=\"https:\/\/catedraendesa.unizar.es\/catedraweb\/wp-content\/uploads\/2022\/09\/proyectos-y-trabajos-inv-1.jpg\" alt=\"\" class=\"wp-image-398\" width=\"500\" height=\"310\" srcset=\"https:\/\/catedraendesa.unizar.es\/catedraweb\/wp-content\/uploads\/2022\/09\/proyectos-y-trabajos-inv-1.jpg 1025w, https:\/\/catedraendesa.unizar.es\/catedraweb\/wp-content\/uploads\/2022\/09\/proyectos-y-trabajos-inv-1-300x186.jpg 300w, https:\/\/catedraendesa.unizar.es\/catedraweb\/wp-content\/uploads\/2022\/09\/proyectos-y-trabajos-inv-1-768x477.jpg 768w\" sizes=\"auto, (max-width: 500px) 100vw, 500px\" \/><\/figure><\/div>\n\n<div class=\"wp-block-image\">\n<figure class=\"aligncenter is-resized\"><img loading=\"lazy\" decoding=\"async\" src=\"https:\/\/catedraendesa.unizar.es\/catedraweb\/wp-content\/uploads\/2022\/09\/proyectos-y-trabajos-inv-2.jpg\" alt=\"\" class=\"wp-image-381\" width=\"444\" height=\"240\" srcset=\"https:\/\/catedraendesa.unizar.es\/catedraweb\/wp-content\/uploads\/2022\/09\/proyectos-y-trabajos-inv-2.jpg 887w, https:\/\/catedraendesa.unizar.es\/catedraweb\/wp-content\/uploads\/2022\/09\/proyectos-y-trabajos-inv-2-300x162.jpg 300w, https:\/\/catedraendesa.unizar.es\/catedraweb\/wp-content\/uploads\/2022\/09\/proyectos-y-trabajos-inv-2-768x416.jpg 768w\" sizes=\"auto, (max-width: 444px) 100vw, 444px\" \/><\/figure><\/div>\n\n\n<p>&nbsp;Actualmente la C\u00e1tedra ha lanzado una Beca para continuar el trabajo con la la realizaci\u00f3n de un TFM, en colaboraci\u00f3n con el Instituto de Investigaci\u00f3n CIRCE de la Universidad de Zaragoza<\/p>\n\n\n\n<h3 class=\"wp-block-heading\"><strong>2.- Dise\u00f1o de aplicaci\u00f3n de Realidad Aumentada para la monitorizaci\u00f3n y control de un D-STATCOM<\/strong><\/h3>\n\n\n\n<p>Se ha desarrollado una aplicaci\u00f3n de realidad aumentada para m\u00f3viles y tabletas con capacidad para la monitorizaci\u00f3n del estado de un D-STATCOM, con capacidad as\u00ed mismo para:<\/p>\n\n\n\n<ul class=\"wp-block-list\">\n<li>Visualizaci\u00f3n de datos del equipo.<\/li>\n\n\n\n<li>Creaci\u00f3n y visualizaci\u00f3n de gr\u00e1ficos en tiempo real y en 3D a partir de los datos medidos.<\/li>\n\n\n\n<li>Actuaci\u00f3n sobre el estado del equipo.<\/li>\n\n\n\n<li>Realizar labores de mantenimiento del equipo:<\/li>\n\n\n\n<li>Detecci\u00f3n de errores.<\/li>\n\n\n\n<li>Accesibilidad al cambio de estado del equipo (funcionando, en pausa, reiniciando).<\/li>\n<\/ul>\n\n\n\n<p>Los datos son actualizados de forma peri\u00f3dica y autom\u00e1tica. Se desarroll\u00f3 una interfaz de usuario intuitiva y sencilla de manejar.<\/p>\n\n\n\n<p>El trabajo se realiz\u00f3 mediante una Beca financiada por la C\u00e1tedra, que sirvi\u00f3 para la realizaci\u00f3n de un TFG, en combinaci\u00f3n con Fundaci\u00f3n CIRCE.<\/p>\n\n\n\n<figure class=\"wp-block-table img-table has-small-font-size\"><table><tbody><tr><td class=\"has-text-align-center\" data-align=\"center\"><img loading=\"lazy\" decoding=\"async\" width=\"150\" height=\"231\" class=\"wp-image-382\" style=\"width: 150px;\" src=\"https:\/\/catedraendesa.unizar.es\/catedraweb\/wp-content\/uploads\/2022\/09\/proyectos-y-trabajos-inv-3.jpg\" alt=\"\" srcset=\"https:\/\/catedraendesa.unizar.es\/catedraweb\/wp-content\/uploads\/2022\/09\/proyectos-y-trabajos-inv-3.jpg 319w, https:\/\/catedraendesa.unizar.es\/catedraweb\/wp-content\/uploads\/2022\/09\/proyectos-y-trabajos-inv-3-195x300.jpg 195w\" sizes=\"auto, (max-width: 150px) 100vw, 150px\" \/><\/td><td class=\"has-text-align-center\" data-align=\"center\"><img loading=\"lazy\" decoding=\"async\" width=\"150\" height=\"249\" class=\"wp-image-402\" style=\"width: 150px;\" src=\"https:\/\/catedraendesa.unizar.es\/catedraweb\/wp-content\/uploads\/2022\/09\/proyectos-y-trabajos-inv-4.jpg\" alt=\"\" srcset=\"https:\/\/catedraendesa.unizar.es\/catedraweb\/wp-content\/uploads\/2022\/09\/proyectos-y-trabajos-inv-4.jpg 402w, https:\/\/catedraendesa.unizar.es\/catedraweb\/wp-content\/uploads\/2022\/09\/proyectos-y-trabajos-inv-4-181x300.jpg 181w\" sizes=\"auto, (max-width: 150px) 100vw, 150px\" \/><\/td><\/tr><\/tbody><\/table><\/figure>\n\n\n\n<h3 class=\"wp-block-heading\">3. <strong>Caracterizaci\u00f3n de bater\u00edas de segunda vida<\/strong><\/h3>\n\n\n\n<p>Las bater\u00edas de litio son uno de los elementos clave para el despliegue de las ERs y el veh\u00edculo el\u00e9ctrico en las redes de distribuci\u00f3n, pero su coste hace que su uso sea muy restringido. Sin embargo, se prev\u00e9 que el despliegue de los VEs permita la existencia de un mercado masivo de bater\u00edas de segunda vida. El mayor inconveniente de este mercado es que, a priori, es imposible determinar el estado de salud (SOH) de la bater\u00eda retirada, por ello se propone iniciar una l\u00ednea de investigaci\u00f3n que permita identificar el SOH de una bater\u00eda mediante una serie de ensayos. Para ello se ensayar\u00e1 una celda nueva a diferentes temperaturas y diferentes ciclos de carga\/descarga, obteni\u00e9ndose su circuito equivalente. Posteriormente se ensayar\u00e1 una celda del mismo tipo cuya SOC m\u00e1ximo sea del 80% de la inicial, y se obtendr\u00e1 el nuevo circuito equivalente.<\/p>\n\n\n\n<p>La C\u00e1tedra ha lanzado una Beca para la realizaci\u00f3n de un TFM en dicho tema que se desarrolla en el Laboratorio de Investigaci\u00f3n de Carga de Veh\u00edculos El\u00e9ctricos e Impacto en Red, para lo que se utiliza una c\u00e1mara clim\u00e1tica y un ciclador de celdas de ion-litio.<\/p>\n\n\n\n<p><\/p>\n\n\n\n<h3 class=\"wp-block-heading\"><strong>4. Econom\u00eda circular. Necesidades de materiales y posibles cuellos de botella en la electrificaci\u00f3n de zonas rurales en Arag\u00f3n:<\/strong><\/h3>\n\n\n\n<p>Ante el reto de la electrificaci\u00f3n para descarbonizar la econom\u00eda frente a las graves consecuencias del cambio clim\u00e1tico, esta l\u00ednea de trabajo busca hacer una evaluaci\u00f3n del estado actual de las l\u00edneas de distribuci\u00f3n en zonas rurales, estimando la cantidad de materiales necesarios para su electrificaci\u00f3n y sus consecuentes costes.<\/p>\n\n\n\n<p>Se busca identificar tambi\u00e9n la necesidad de incorporar nuevas l\u00edneas el\u00e9ctricas y las diversas tecnolog\u00edas renovables requeridas, considerando igualmente los materiales necesarios de estas tecnolog\u00edas.<\/p>\n\n\n\n<p>Esta actividad se realiza en combinaci\u00f3n con el Grupo de trabajo de ecolog\u00eda industrial que tiene una amplia experiencia en la eficiencia y uso de materias primas.<\/p>\n\n\n\n<figure class=\"wp-block-table img-table\"><table><tbody><tr><td class=\"has-text-align-center\" data-align=\"center\"><img loading=\"lazy\" decoding=\"async\" width=\"405\" height=\"303\" class=\"wp-image-481\" style=\"width: 405px;\" src=\"https:\/\/catedraendesa.unizar.es\/catedraweb\/wp-content\/uploads\/2022\/09\/proyectos-y-trabajos-inv-5.jpg\" alt=\"\" srcset=\"https:\/\/catedraendesa.unizar.es\/catedraweb\/wp-content\/uploads\/2022\/09\/proyectos-y-trabajos-inv-5.jpg 405w, https:\/\/catedraendesa.unizar.es\/catedraweb\/wp-content\/uploads\/2022\/09\/proyectos-y-trabajos-inv-5-300x224.jpg 300w\" sizes=\"auto, (max-width: 405px) 100vw, 405px\" \/><\/td><\/tr><\/tbody><\/table><\/figure>\n\n\n\n<h3 class=\"wp-block-heading\">5. <strong>An\u00e1lisis de los accidentes de aves en redes de distribuci\u00f3n aplicando tecnolog\u00eda Big Data<\/strong><\/h3>\n\n\n\n<p>Estudio mediante t\u00e9cnicas de Big Data de la casu\u00edstica de los accidentes de aves en l\u00edneas el\u00e9ctricas a\u00e9reas de distribuci\u00f3n. Para ello se estudian los diversos tipos de l\u00edneas, apoyos y los materias de que est\u00e1n hechos, as\u00ed como los tipos de aves, las causas de los accidentes y la zona en la que se produce.<\/p>\n\n\n\n<p>La actividad se realiza mediante una Beca en colaboraci\u00f3n con el Instituto Universitario Mixto CIRCE.<\/p>\n","protected":false},"excerpt":{"rendered":"<p>Los principales trabajos ya realizados o en marcha al amparo de la C\u00e1tedra son: 1.- An\u00e1lisis de las limitaciones de nuevas cargas en red rural d\u00e9bil Esta l\u00ednea de trabajo constituye uno de los objetivos m\u00e1s importantes de la C\u00e1tedra. En ella se realiza un an\u00e1lisis de penetraci\u00f3n m\u00e1xima de energ\u00edas renovables y de veh\u00edculos [&hellip;]<\/p>\n","protected":false},"author":1,"featured_media":0,"parent":0,"menu_order":0,"comment_status":"closed","ping_status":"closed","template":"","meta":{"footnotes":""},"class_list":["post-379","page","type-page","status-publish","hentry","post"],"_links":{"self":[{"href":"https:\/\/catedraendesa.unizar.es\/catedraweb\/wp-json\/wp\/v2\/pages\/379","targetHints":{"allow":["GET"]}}],"collection":[{"href":"https:\/\/catedraendesa.unizar.es\/catedraweb\/wp-json\/wp\/v2\/pages"}],"about":[{"href":"https:\/\/catedraendesa.unizar.es\/catedraweb\/wp-json\/wp\/v2\/types\/page"}],"author":[{"embeddable":true,"href":"https:\/\/catedraendesa.unizar.es\/catedraweb\/wp-json\/wp\/v2\/users\/1"}],"replies":[{"embeddable":true,"href":"https:\/\/catedraendesa.unizar.es\/catedraweb\/wp-json\/wp\/v2\/comments?post=379"}],"version-history":[{"count":33,"href":"https:\/\/catedraendesa.unizar.es\/catedraweb\/wp-json\/wp\/v2\/pages\/379\/revisions"}],"predecessor-version":[{"id":722,"href":"https:\/\/catedraendesa.unizar.es\/catedraweb\/wp-json\/wp\/v2\/pages\/379\/revisions\/722"}],"wp:attachment":[{"href":"https:\/\/catedraendesa.unizar.es\/catedraweb\/wp-json\/wp\/v2\/media?parent=379"}],"curies":[{"name":"wp","href":"https:\/\/api.w.org\/{rel}","templated":true}]}}